{"id":22480,"date":"2024-01-10T15:52:45","date_gmt":"2024-01-10T15:52:45","guid":{"rendered":"https:\/\/valleintelviturismo.it\/?page_id=22480"},"modified":"2024-03-27T15:34:55","modified_gmt":"2024-03-27T15:34:55","slug":"climbing-2","status":"publish","type":"page","link":"https:\/\/valleintelviturismo.it\/en\/sport\/climbing-2\/","title":{"rendered":"Climbing"},"content":{"rendered":"<div data-elementor-type=\"wp-page\" data-elementor-id=\"22480\" class=\"elementor elementor-22480\" data-elementor-post-type=\"page\">\n\t\t\t\t\n<div class=\"elementor-element elementor-element-11d2d91 e-flex e-con-boxed e-con e-parent\" data-id=\"11d2d91\" data-element_type=\"container\" data-settings=\"{&quot;tmea_shape_divider_top&quot;:&quot;none&quot;,&quot;tmea_shape_divider_bottom&quot;:&quot;none&quot;}\">\n\t\t\t\t\t<div class=\"e-con-inner\">\n\t\t\t\t<div class=\"elementor-element elementor-element-0d0cccd elementor-widget elementor-widget-text-editor\" data-id=\"0d0cccd\" data-element_type=\"widget\" data-widget_type=\"text-editor.default\">\n\t\t\t\t<div class=\"elementor-widget-container\">\n\t\t\t\t\t\t\t<p class=\"testo_blog\"><strong>CLIMBING TOWER \u2013<\/strong> <strong>Laino<\/strong> \u2013 Managed by the CAI Valle Intelvi \u2013 reservation is required.<\/p><p><strong>Available in the Municipalities:<\/strong><br \/>LAINO<\/p><p>Open every Tuesday and Thursday from 8pm to 11pm<\/p><p>The Laino climbing tower offers different difficulties, starting from the minimum age of 6 years.<\/p><p><strong>CONTACTS<\/strong>: Victor \u2013 <a href=\"http:\/\/3497206173\" data-wplink-url-error=\"true\">349 7206173<\/a> \/ Fabio \u2013 <a href=\"tel:3383347340\">338 3347340<\/a> \/ Aeneas \u2013 <a href=\"tel:3490754807\">349 0754807<\/a><\/p><p><strong>TECHNICAL EQUIPMENT\u00a0<\/strong>\u2013 For those who want to try climbing at Torre di Laino and do not have the necessary equipment. Show up with shoes with good grip. - The climbing kit, complete with safety kit, is provided by CAI Valle Intelvi.<\/p>\t\t\t\t\t\t<\/div>\n\t\t\t\t<\/div>\n\t\t\t\t<div class=\"elementor-element elementor-element-99bf01e elementor-widget elementor-widget-image\" data-id=\"99bf01e\" data-element_type=\"widget\" data-widget_type=\"image.default\">\n\t\t\t\t<div class=\"elementor-widget-container\">\n\t\t\t\t\t\t\t\t\t\t\t\t\t<img fetchpriority=\"high\" decoding=\"async\" width=\"940\" height=\"787\" src=\"https:\/\/valleintelviturismo.it\/wp-content\/uploads\/2024\/01\/arrampicata_2023.jpg\" class=\"attachment-full size-full wp-image-22482\" alt=\"climbing\" srcset=\"https:\/\/valleintelviturismo.it\/wp-content\/uploads\/2024\/01\/arrampicata_2023.jpg 940w, https:\/\/valleintelviturismo.it\/wp-content\/uploads\/2024\/01\/arrampicata_2023-300x251.jpg 300w, https:\/\/valleintelviturismo.it\/wp-content\/uploads\/2024\/01\/arrampicata_2023-768x643.jpg 768w, https:\/\/valleintelviturismo.it\/wp-content\/uploads\/2024\/01\/arrampicata_2023-14x12.jpg 14w\" sizes=\"(max-width: 940px) 100vw, 940px\" \/>\t\t\t\t\t\t\t\t\t\t\t\t\t<\/div>\n\t\t\t\t<\/div>\n\t\t\t\t<div class=\"elementor-element elementor-element-d7ce688 elementor-widget elementor-widget-image\" data-id=\"d7ce688\" data-element_type=\"widget\" data-widget_type=\"image.default\">\n\t\t\t\t<div class=\"elementor-widget-container\">\n\t\t\t\t\t\t\t\t\t\t\t\t\t<img decoding=\"async\" width=\"960\" height=\"960\" src=\"https:\/\/valleintelviturismo.it\/wp-content\/uploads\/2024\/01\/FB_IMG_1681402634044.jpg\" class=\"attachment-full size-full wp-image-22485\" alt=\"climbing\" srcset=\"https:\/\/valleintelviturismo.it\/wp-content\/uploads\/2024\/01\/FB_IMG_1681402634044.jpg 960w, https:\/\/valleintelviturismo.it\/wp-content\/uploads\/2024\/01\/FB_IMG_1681402634044-300x300.jpg 300w, https:\/\/valleintelviturismo.it\/wp-content\/uploads\/2024\/01\/FB_IMG_1681402634044-150x150.jpg 150w, https:\/\/valleintelviturismo.it\/wp-content\/uploads\/2024\/01\/FB_IMG_1681402634044-768x768.jpg 768w, https:\/\/valleintelviturismo.it\/wp-content\/uploads\/2024\/01\/FB_IMG_1681402634044-12x12.jpg 12w, https:\/\/valleintelviturismo.it\/wp-content\/uploads\/2024\/01\/FB_IMG_1681402634044-450x450.jpg 450w, https:\/\/valleintelviturismo.it\/wp-content\/uploads\/2024\/01\/FB_IMG_1681402634044-420x420.jpg 420w\" sizes=\"(max-width: 960px) 100vw, 960px\" \/>\t\t\t\t\t\t\t\t\t\t\t\t\t<\/div>\n\t\t\t\t<\/div>\n\t\t\t\t<div class=\"elementor-element elementor-element-afdd819 elementor-widget elementor-widget-text-editor\" data-id=\"afdd819\" data-element_type=\"widget\" data-widget_type=\"text-editor.default\">\n\t\t\t\t<div class=\"elementor-widget-container\">\n\t\t\t\t\t\t\t<div>THE CLIFFS:<\/div>\n<div><\/div>\n&nbsp;\n<div><strong>Carate Urio crag:<\/strong> To reach it: along the Regina state road, at the Carate Urio sign, park under the church, near a hairpin bend. From here a stone staircase leads up to the aforementioned church, skirt the cemetery, signs for Falesia. Follow for Somaina, a small cluster of old stone houses, and pass it after about 30 metres. deviate to the right along a well-marked path (directions: after the electricity poles, detour to the left and after passing two small rises, fixed ropes, you arrive at the cliff. Total: 15 minutes from the car).<\/div>\nExtreme: the Carate Urio crag is challenging and is intended for medium-expert climbers (French difficulty level 5a\/8a).\n\n&nbsp;\n<div><strong>USEFUL INFORMATION<\/strong> \u2013 In climbing the mental aspect is certainly the most important aspect, the key word is: fun, without ever leaving out any safety details<\/div>\t\t\t\t\t\t<\/div>\n\t\t\t\t<\/div>\n\t\t\t\t\t<\/div>\n\t\t\t\t<\/div>\n\t\t<div class=\"elementor-element elementor-element-20eee1a e-flex e-con-boxed e-con e-parent\" data-id=\"20eee1a\" data-element_type=\"container\" data-settings=\"{&quot;tmea_shape_divider_top&quot;:&quot;none&quot;,&quot;tmea_shape_divider_bottom&quot;:&quot;none&quot;}\">\n\t\t\t\t\t<div class=\"e-con-inner\">\n\t\t<div class=\"elementor-element elementor-element-620002d e-con-full e-flex e-con e-child\" data-id=\"620002d\" data-element_type=\"container\" data-settings=\"{&quot;tmea_shape_divider_top&quot;:&quot;none&quot;,&quot;tmea_shape_divider_bottom&quot;:&quot;none&quot;}\">\n\t\t\t\t<div class=\"elementor-element elementor-element-0b4e8c1 elementor-widget elementor-widget-image\" data-id=\"0b4e8c1\" data-element_type=\"widget\" data-widget_type=\"image.default\">\n\t\t\t\t<div class=\"elementor-widget-container\">\n\t\t\t\t\t\t\t\t\t\t\t\t\t<img decoding=\"async\" width=\"399\" height=\"299\" src=\"https:\/\/valleintelviturismo.it\/wp-content\/uploads\/2024\/01\/climbing2.jpg\" class=\"attachment-large size-large wp-image-22484\" alt=\"climbing\" srcset=\"https:\/\/valleintelviturismo.it\/wp-content\/uploads\/2024\/01\/climbing2.jpg 399w, https:\/\/valleintelviturismo.it\/wp-content\/uploads\/2024\/01\/climbing2-300x225.jpg 300w, https:\/\/valleintelviturismo.it\/wp-content\/uploads\/2024\/01\/climbing2-16x12.jpg 16w\" sizes=\"(max-width: 399px) 100vw, 399px\" \/>\t\t\t\t\t\t\t\t\t\t\t\t\t<\/div>\n\t\t\t\t<\/div>\n\t\t\t\t<\/div>\n\t\t<div class=\"elementor-element elementor-element-2dd56be e-con-full e-flex e-con e-child\" data-id=\"2dd56be\" data-element_type=\"container\" data-settings=\"{&quot;tmea_shape_divider_top&quot;:&quot;none&quot;,&quot;tmea_shape_divider_bottom&quot;:&quot;none&quot;}\">\n\t\t\t\t<div class=\"elementor-element elementor-element-53d1faa elementor-widget elementor-widget-image\" data-id=\"53d1faa\" data-element_type=\"widget\" data-widget_type=\"image.default\">\n\t\t\t\t<div class=\"elementor-widget-container\">\n\t\t\t\t\t\t\t\t\t\t\t\t\t<img loading=\"lazy\" decoding=\"async\" width=\"180\" height=\"100\" src=\"https:\/\/valleintelviturismo.it\/wp-content\/uploads\/2024\/01\/climbing1.png\" class=\"attachment-full size-full wp-image-22483\" alt=\"climbing\" srcset=\"https:\/\/valleintelviturismo.it\/wp-content\/uploads\/2024\/01\/climbing1.png 180w, https:\/\/valleintelviturismo.it\/wp-content\/uploads\/2024\/01\/climbing1-18x10.png 18w\" sizes=\"(max-width: 180px) 100vw, 180px\" \/>\t\t\t\t\t\t\t\t\t\t\t\t\t<\/div>\n\t\t\t\t<\/div>\n\t\t\t\t<\/div>\n\t\t\t\t\t<\/div>\n\t\t\t\t<\/div>\n\t\t\t\t<\/div>","protected":false},"excerpt":{"rendered":"<p>TORRE DI ARRAMPICATA &#8211; Laino &#8211; Gestita dal CAI Valle Intelvi &#8211; \u00e8 necessaria la prenotazione. Disponibile nei Comuni:LAINO Aperta tutti i marted\u00ec e gioved\u00ec dalle 20:00 alle 23:00 La [&hellip;]<\/p>\n","protected":false},"author":1,"featured_media":22486,"parent":23385,"menu_order":0,"comment_status":"closed","ping_status":"closed","template":"elementor_theme","meta":{"footnotes":""},"class_list":["post-22480","page","type-page","status-publish","has-post-thumbnail","hentry"],"_links":{"self":[{"href":"https:\/\/valleintelviturismo.it\/en\/wp-json\/wp\/v2\/pages\/22480","targetHints":{"allow":["GET"]}}],"collection":[{"href":"https:\/\/valleintelviturismo.it\/en\/wp-json\/wp\/v2\/pages"}],"about":[{"href":"https:\/\/valleintelviturismo.it\/en\/wp-json\/wp\/v2\/types\/page"}],"author":[{"embeddable":true,"href":"https:\/\/valleintelviturismo.it\/en\/wp-json\/wp\/v2\/users\/1"}],"replies":[{"embeddable":true,"href":"https:\/\/valleintelviturismo.it\/en\/wp-json\/wp\/v2\/comments?post=22480"}],"version-history":[{"count":0,"href":"https:\/\/valleintelviturismo.it\/en\/wp-json\/wp\/v2\/pages\/22480\/revisions"}],"up":[{"embeddable":true,"href":"https:\/\/valleintelviturismo.it\/en\/wp-json\/wp\/v2\/pages\/23385"}],"wp:featuredmedia":[{"embeddable":true,"href":"https:\/\/valleintelviturismo.it\/en\/wp-json\/wp\/v2\/media\/22486"}],"wp:attachment":[{"href":"https:\/\/valleintelviturismo.it\/en\/wp-json\/wp\/v2\/media?parent=22480"}],"curies":[{"name":"wp","href":"https:\/\/api.w.org\/{rel}","templated":true}]}}